{"id":701,"date":"2011-05-20T18:49:43","date_gmt":"2011-05-20T18:49:43","guid":{"rendered":"http:\/\/wpthemetestdata.wordpress.com\/?page_id=701"},"modified":"2024-01-15T13:24:02","modified_gmt":"2024-01-15T10:24:02","slug":"homepage-1","status":"publish","type":"page","link":"https:\/\/ginkobilim.com\/en\/","title":{"rendered":"Ana Sayfa"},"content":{"rendered":"<p>[vc_row full_width=&#8221;stretch_row_content_no_spaces&#8221;][vc_column]<div class=\"toko-slider-wrap\"><div class=\"toko-slides \"><div class=\"toko-slide\" style=\"background-image:url(https:\/\/ginkobilim.com\/wp-content\/uploads\/2020\/07\/Fizi\u011fin-\u00d6tesinde-e1605271635831.jpg);background-size:cover;background-position:center right;background-repeat:no-repeat;\" ><div class=\"toko-slide-inner\"><div class=\"toko-slide-detail\"><p class=\"toko-slide-desc\">Eppur Si Muove<\/p><\/div><\/div><\/div><\/div><\/div>[\/vc_column][\/vc_row][vc_row full_width=&#8221;stretch_row_content_no_spaces&#8221;][vc_column]\n<div class=\"books-search\">\n\t<div class=\"container\">\n\t\t<form class=\"\" method=\"get\" action=\"https:\/\/ginkobilim.com\/en\/\">\n\t\t\t<div class=\"row\">\n\t\t\t\t<div class=\"col-sm-6 col-md-3\">\n\t\t\t\t\t<div class=\"form-group\">\n\t\t\t\t\t\t<input name=\"s\" value=\"\" type=\"text\" class=\"form-control\" id=\"keyword\" placeholder=\"Ara\">\n\t\t\t\t\t<\/div>\n\t\t\t\t<\/div>\n\n\t\t\t\t\t\t\t\t<div class=\"col-sm-6 col-md-3\">\n\t\t\t\t\t<div class=\"form-group\">\n\t\t\t\t\t\t<select  name='product_cat' id='product_cat' class='form-control' >\n\t<option value='0'>Book Category<\/option>\n\t<option class=\"level-0\" value=\"astronomi-astrobiyoloji\">Astronomi \/ Astrobiyoloji<\/option>\n\t<option class=\"level-1\" value=\"dunya-disi-yasam-arastirmalari\">&nbsp;&nbsp;&nbsp;D\u00fcnya D\u0131\u015f\u0131 Ya\u015fam Ara\u015ft\u0131rmalar\u0131<\/option>\n\t<option class=\"level-1\" value=\"ekso-gezegenler\">&nbsp;&nbsp;&nbsp;Ekso-gezegenler<\/option>\n\t<option class=\"level-1\" value=\"gunes-sisteminin-kolonilestirilmesi\">&nbsp;&nbsp;&nbsp;G\u00fcne\u015f Sisteminin Kolonile\u015ftirilmesi<\/option>\n\t<option class=\"level-0\" value=\"bilim-tarihi\">Bilim Tarihi<\/option>\n\t<option class=\"level-0\" value=\"biyoloji\">Biyoloji<\/option>\n\t<option class=\"level-1\" value=\"bilincin-evrimi\">&nbsp;&nbsp;&nbsp;Bilincin Evrimi<\/option>\n\t<option class=\"level-1\" value=\"botanik\">&nbsp;&nbsp;&nbsp;Botanik<\/option>\n\t<option class=\"level-1\" value=\"endosimbiyoz\">&nbsp;&nbsp;&nbsp;Endosimbiyoz<\/option>\n\t<option class=\"level-1\" value=\"evrim\">&nbsp;&nbsp;&nbsp;Evrim<\/option>\n\t<option class=\"level-1\" value=\"evrim-felsefesi\">&nbsp;&nbsp;&nbsp;Evrim Felsefesi<\/option>\n\t<option class=\"level-1\" value=\"evrim-mekanizmalari\">&nbsp;&nbsp;&nbsp;Evrim Mekanizmalar\u0131<\/option>\n\t<option class=\"level-1\" value=\"gaia-varsayimi\">&nbsp;&nbsp;&nbsp;Gaia varsay\u0131m\u0131<\/option>\n\t<option class=\"level-1\" value=\"genetik\">&nbsp;&nbsp;&nbsp;Genetik<\/option>\n\t<option class=\"level-1\" value=\"insan-ve-hayvanlarin-evrimsel-tarihi\">&nbsp;&nbsp;&nbsp;\u0130nsan ve Hayvanlar\u0131n Evrimsel Tarihi<\/option>\n\t<option class=\"level-1\" value=\"insanin-kokeni\">&nbsp;&nbsp;&nbsp;\u0130nsan\u0131n K\u00f6keni<\/option>\n\t<option class=\"level-1\" value=\"karmasiklik-kuramlari-ve-yasam\">&nbsp;&nbsp;&nbsp;Karma\u015f\u0131kl\u0131k Kuramlar\u0131 ve Ya\u015fam<\/option>\n\t<option class=\"level-0\" value=\"ceptebilim\">CepteBilim<\/option>\n\t<option class=\"level-0\" value=\"cok-satanlar\">\u00c7ok Satanlar<\/option>\n\t<option class=\"level-0\" value=\"coming-soon-in-turkish\">Coming Soon in Turkish<\/option>\n\t<option class=\"level-0\" value=\"editorun-secimi\">Edit\u00f6r\u00fcn Se\u00e7imi<\/option>\n\t<option class=\"level-0\" value=\"ekoloji\">Ekoloji<\/option>\n\t<option class=\"level-0\" value=\"featured-books\">Featured Books<\/option>\n\t<option class=\"level-0\" value=\"fizik-kozmoloji\">Fizik \/ Kozmoloji<\/option>\n\t<option class=\"level-1\" value=\"astrofizik\">&nbsp;&nbsp;&nbsp;Astrofizik<\/option>\n\t<option class=\"level-1\" value=\"coklu-evrenler\">&nbsp;&nbsp;&nbsp;\u00c7oklu Evrenler<\/option>\n\t<option class=\"level-1\" value=\"karadelikler\">&nbsp;&nbsp;&nbsp;Karadelikler<\/option>\n\t<option class=\"level-1\" value=\"karanlik-madde-karanlik-enerji\">&nbsp;&nbsp;&nbsp;Karanl\u0131k Madde \/ Karanl\u0131k Enerji<\/option>\n\t<option class=\"level-1\" value=\"kuantum\">&nbsp;&nbsp;&nbsp;Kuantum<\/option>\n\t<option class=\"level-1\" value=\"kuantum-kutlecekim\">&nbsp;&nbsp;&nbsp;Kuantum K\u00fctle\u00e7ekim<\/option>\n\t<option class=\"level-1\" value=\"kutlecekim\">&nbsp;&nbsp;&nbsp;K\u00fctle\u00e7ekim<\/option>\n\t<option class=\"level-1\" value=\"parcacik-fizigi-higgs\">&nbsp;&nbsp;&nbsp;Par\u00e7ac\u0131k fizi\u011fi \/ Higgs<\/option>\n\t<option class=\"level-1\" value=\"sicim-kurami\">&nbsp;&nbsp;&nbsp;Sicim Kuram\u0131<\/option>\n\t<option class=\"level-1\" value=\"zaman-uzay\">&nbsp;&nbsp;&nbsp;Zaman \/ Uzay<\/option>\n\t<option class=\"level-0\" value=\"genel-bilim-bilim-felsefesi\">Genel Bilim \/ Bilim Felsefesi<\/option>\n\t<option class=\"level-0\" value=\"jeofizik\">Jeofizik<\/option>\n\t<option class=\"level-1\" value=\"depremler\">&nbsp;&nbsp;&nbsp;Depremler<\/option>\n\t<option class=\"level-1\" value=\"yerkurenin-evrimi\">&nbsp;&nbsp;&nbsp;Yerk\u00fcre&#8217;nin Evrimi<\/option>\n\t<option class=\"level-0\" value=\"kategorisiz\">Kategorisiz<\/option>\n\t<option class=\"level-0\" value=\"kimya\">Kimya<\/option>\n\t<option class=\"level-1\" value=\"termodinamik\">&nbsp;&nbsp;&nbsp;Termodinamik<\/option>\n\t<option class=\"level-0\" value=\"matematik\">Matematik<\/option>\n\t<option class=\"level-1\" value=\"karmasiklik-kaos\">&nbsp;&nbsp;&nbsp;Karma\u015f\u0131kl\u0131k \/ Kaos<\/option>\n\t<option class=\"level-1\" value=\"matematik-tarihi\">&nbsp;&nbsp;&nbsp;Matematik Tarihi<\/option>\n\t<option class=\"level-1\" value=\"nedensellik\">&nbsp;&nbsp;&nbsp;Nedensellik<\/option>\n\t<option class=\"level-1\" value=\"sayilar-doga-matematik-iliskisi\">&nbsp;&nbsp;&nbsp;Say\u0131lar \/ Do\u011fa-Matematik \u0130li\u015fkisi<\/option>\n\t<option class=\"level-0\" value=\"new-releases\">New Releases<\/option>\n\t<option class=\"level-0\" value=\"norobilim-psikoloji\">N\u00f6robilim \/ Psikoloji<\/option>\n\t<option class=\"level-1\" value=\"beyin-bilinc\">&nbsp;&nbsp;&nbsp;Beyin \/ Bilin\u00e7<\/option>\n\t<option class=\"level-1\" value=\"zihin-felsefesi\">&nbsp;&nbsp;&nbsp;Zihin Felsefesi<\/option>\n\t<option class=\"level-0\" value=\"tekrar-baskilar\">Tekrar Bask\u0131lar<\/option>\n\t<option class=\"level-0\" value=\"yapay-zeka\">Yapay Zek\u00e2<\/option>\n\t<option class=\"level-0\" value=\"yeni-cikanlar\">Yeni \u00c7\u0131kanlar<\/option>\n<\/select>\n\t\t\t\t\t\t<i class='select-arrow fa fa-angle-down'><\/i>\n\t\t\t\t\t<\/div>\n\t\t\t\t<\/div>\n\t\t\t\t\n\t\t\t\t\t\t\t\t<div class=\"col-sm-6 col-md-3\">\n\t\t\t\t\t<div class=\"form-group\">\n\t\t\t\t\t\t<select  name='book_author' id='book_author' class='form-control' >\n\t<option value='0'>Book Author<\/option>\n\t<option class=\"level-0\" value=\"albert-einstein\">Albert Einstein<\/option>\n\t<option class=\"level-0\" value=\"alice-roberts\">Alice Roberts<\/option>\n\t<option class=\"level-0\" value=\"amanda-hendrix\">Amanda R. Hendrix<\/option>\n\t<option class=\"level-0\" value=\"anthony-zee\">Anthony Zee<\/option>\n\t<option class=\"level-0\" value=\"arsel-berkat-acar\">Arsel Berkat Acar<\/option>\n\t<option class=\"level-0\" value=\"aslihan-niksarli\">Asl\u0131han Niksarl\u0131<\/option>\n\t<option class=\"level-0\" value=\"brenda-maddox\">Brenda Maddox<\/option>\n\t<option class=\"level-0\" value=\"brian-cox\">Brian Cox<\/option>\n\t<option class=\"level-0\" value=\"brian-garvey\">Brian Garvey<\/option>\n\t<option class=\"level-0\" value=\"burcak-ozkan\">Bur\u00e7ak \u00d6zkan<\/option>\n\t<option class=\"level-0\" value=\"cagri-mert-bakirci\">\u00c7a\u011fr\u0131 Mert Bak\u0131rc\u0131<\/option>\n\t<option class=\"level-0\" value=\"charles-darwin\">Charles Darwin<\/option>\n\t<option class=\"level-0\" value=\"charles-wohlforth\">Charles Wohlforth<\/option>\n\t<option class=\"level-0\" value=\"dana-mackenzie\">Dana Mackenzie<\/option>\n\t<option class=\"level-0\" value=\"dirk-schulze-makuch\">Dirk Schulze-Makuch<\/option>\n\t<option class=\"level-0\" value=\"dorion-sagan\">Dorion Sagan<\/option>\n\t<option class=\"level-0\" value=\"engin-bermek\">Engin Bermek<\/option>\n\t<option class=\"level-0\" value=\"eors-szathmary\">E\u00f6rs Szathm\u00e1ry<\/option>\n\t<option class=\"level-0\" value=\"ergi-deniz-ozsoy\">Ergi Deniz \u00d6zsoy<\/option>\n\t<option class=\"level-0\" value=\"ferhat-ozcep\">Ferhat \u00d6z\u00e7ep<\/option>\n\t<option class=\"level-0\" value=\"ferhat-sari\">Ferhat Sar\u0131<\/option>\n\t<option class=\"level-0\" value=\"florian-freistetter\">Florian Freistetter<\/option>\n\t<option class=\"level-0\" value=\"freeman-j-dyson\">Freeman J. Dyson<\/option>\n\t<option class=\"level-0\" value=\"georg-northoff\">Georg Northoff<\/option>\n\t<option class=\"level-0\" value=\"haluk-eyidogan\">Haluk Eyido\u011fan<\/option>\n\t<option class=\"level-0\" value=\"hilary-rose\">Hilary Rose<\/option>\n\t<option class=\"level-0\" value=\"jacob-bekenstein\">Jacob D. Bekenstein<\/option>\n\t<option class=\"level-0\" value=\"jeff-forshaw\">Jeff Forshaw<\/option>\n\t<option class=\"level-0\" value=\"jilber-barutciyan\">Jilber Barut\u00e7iyan<\/option>\n\t<option class=\"level-0\" value=\"john-d-barrow\">John D. Barrow<\/option>\n\t<option class=\"level-0\" value=\"john-holland\">John H. Holland<\/option>\n\t<option class=\"level-0\" value=\"john-maynard-smith\">John Maynard Smith<\/option>\n\t<option class=\"level-0\" value=\"judea-pearl\">Judea Pearl<\/option>\n\t<option class=\"level-0\" value=\"ken-thompson\">Ken Thompson<\/option>\n\t<option class=\"level-0\" value=\"kevin-warwick\">Kevin Warwick<\/option>\n\t<option class=\"level-0\" value=\"kolektif\">Kolektif<\/option>\n\t<option class=\"level-0\" value=\"leonard-susskind\">Leonard Susskind<\/option>\n\t<option class=\"level-0\" value=\"lynn-margulis\">Lynn Margulis<\/option>\n\t<option class=\"level-0\" value=\"marcus-du-sautoy\">Marcus du Sautoy<\/option>\n\t<option class=\"level-0\" value=\"melanie-mitchell\">Melanie Mitchell<\/option>\n\t<option class=\"level-0\" value=\"oner-unalan\">\u00d6ner \u00dcnalan<\/option>\n\t<option class=\"level-0\" value=\"paul-langevin\">Paul Langevin<\/option>\n\t<option class=\"level-0\" value=\"pedram-turkoglu\">Pedram T\u00fcrko\u011flu<\/option>\n\t<option class=\"level-0\" value=\"peter-atkins\">Peter Atkins<\/option>\n\t<option class=\"level-0\" value=\"peter-crane\">Peter Crane<\/option>\n\t<option class=\"level-0\" value=\"sargun-tont\">Sargun A. Tont<\/option>\n\t<option class=\"level-0\" value=\"sean-b-carroll\">Sean B. Carroll<\/option>\n\t<option class=\"level-0\" value=\"sean-carroll\">Sean Carroll<\/option>\n\t<option class=\"level-0\" value=\"steve-jones\">Steve Jones<\/option>\n\t<option class=\"level-0\" value=\"steven-rose\">Steven Rose<\/option>\n\t<option class=\"level-0\" value=\"stuart-kauffman\">Stuart Kauffman<\/option>\n\t<option class=\"level-0\" value=\"tamer-kaya\">Tamer Kaya<\/option>\n\t<option class=\"level-0\" value=\"tonguc-rador\">Tongu\u00e7 Rador<\/option>\n\t<option class=\"level-0\" value=\"victor-stenger\">Victor J. Stenger<\/option>\n\t<option class=\"level-0\" value=\"william-bains\">William Bains<\/option>\n<\/select>\n\t\t\t\t\t\t<i class='select-arrow fa fa-angle-down'><\/i>\n\t\t\t\t\t<\/div>\n\t\t\t\t<\/div>\n\t\t\t\t\t\n\t\t\t\t<div class=\"col-sm-6 col-md-3\">\n\t\t\t\t\t<div class=\"form-group\">\n\t\t\t\t\t\t<input type=\"hidden\" name=\"post_type\" value=\"product\" \/>\n\t\t\t\t\t\t<button type=\"submit\" class=\"btn btn-primary btn-block\">\n\t\t\t\t\t\t\t<i class=\"fa fa-search\"><\/i> &nbsp; \n\t\t\t\t\t\t\tFind Book\t\t\t\t\t\t<\/button>\n\t\t\t\t\t<\/div>\n\t\t\t\t<\/div>\n\n\t\t\t<\/div>\n\t\t<\/form>\n\t<\/div>\n<\/div>\n[\/vc_column][\/vc_row][vc_row full_width=&#8221;stretch_row&#8221; css=&#8221;.vc_custom_1668180616442{margin-bottom: 0px !important;padding-bottom: 60px !important;background-color: #cbd6c7 !important;}&#8221;][vc_column]\n\t<style type=\"text\/css\">\n\t\t.divider-69f1fa7c74389.toko-divider.line-yes .divider-inner { background-color:#edf3f4; }\n\t\t.divider-69f1fa7c74389.toko-divider.line-yes:before { background-color:#ecad25; }\n\t\t.divider-69f1fa7c74389.toko-divider .divider-inner h3 { color:#222222; }\n\t\t.divider-69f1fa7c74389.toko-divider .divider-inner p.paragraf { color:#969595; }\n\t\t.divider-69f1fa7c74389.toko-divider .divider-inner span { color:#5f5f5f; }\n\t<\/style>\n\n\n\t<div class=\"toko-divider divider-69f1fa7c74389 text-center line-no icon-hide\">\n\n\t\t\t\t\t<div class=\"divider-inner\">\n\t\t\n\t\t<h3 class=\"toko-section-title\">New Releases<\/h3>\n\t\t\n\t\t\t\t\t<\/div>\n\t\t\t<\/div>\n\n\t\n\t<div class=\"toko-woocommerce woocommerce columns-4 toko-no-carousel clearfix\">\n\n\t\n\t\t<ul class=\"products \" id=\"toko-carousel-888\">\n\n\t\t\t\n\t\t\t\t<li class=\"product type-product post-4314 status-publish first instock product_cat-new-releases has-post-thumbnail shipping-taxable product-type-simple\">\n\t<\/li>\n\n\t\t\t\n\t\t\t\t<li class=\"product type-product post-4313 status-publish instock product_cat-new-releases has-post-thumbnail shipping-taxable product-type-simple\">\n\t<\/li>\n\n\t\t\t\n\t\t\t\t<li class=\"product type-product post-4312 status-publish instock product_cat-new-releases has-post-thumbnail shipping-taxable product-type-simple\">\n\t<\/li>\n\n\t\t\t\n\t\t\t\t<li class=\"product type-product post-4311 status-publish last instock product_cat-new-releases has-post-thumbnail shipping-taxable product-type-simple\">\n\t<\/li>\n\n\t\t\t\n\t\t<\/ul>\n\n\t\t\t\t\n\t\t\n\t\n\t<\/div>\n\n\t[\/vc_column][\/vc_row][vc_row full_width=&#8221;stretch_row&#8221; css=&#8221;.vc_custom_1668180566342{margin-bottom: 0px !important;padding-bottom: 60px !important;background-color: #ea8c64 !important;}&#8221;][vc_column]\n\t<style type=\"text\/css\">\n\t\t.divider-69f1fa7c77663.toko-divider.line-yes .divider-inner { background-color:#edf3f4; }\n\t\t.divider-69f1fa7c77663.toko-divider.line-yes:before { background-color:#ecad25; }\n\t\t.divider-69f1fa7c77663.toko-divider .divider-inner h3 { color:#222222; }\n\t\t.divider-69f1fa7c77663.toko-divider .divider-inner p.paragraf { color:#969595; }\n\t\t.divider-69f1fa7c77663.toko-divider .divider-inner span { color:#5f5f5f; }\n\t<\/style>\n\n\n\t<div class=\"toko-divider divider-69f1fa7c77663 text-center line-no icon-hide\">\n\n\t\t\t\t\t<div class=\"divider-inner\">\n\t\t\n\t\t<h3 class=\"toko-section-title\">Featured Books<\/h3>\n\t\t\n\t\t\t\t\t<\/div>\n\t\t\t<\/div>\n\n\t\n\t<div class=\"toko-woocommerce woocommerce columns-4 toko-no-carousel clearfix\">\n\n\t\n\t\t<ul class=\"products \" id=\"toko-carousel-633\">\n\n\t\t\t\n\t\t\t\t<li class=\"product type-product post-4032 status-publish first instock product_cat-featured-books has-post-thumbnail shipping-taxable product-type-simple\">\n\t<\/li>\n\n\t\t\t\n\t\t\t\t<li class=\"product type-product post-4031 status-publish instock product_cat-featured-books has-post-thumbnail shipping-taxable product-type-simple\">\n\t<\/li>\n\n\t\t\t\n\t\t\t\t<li class=\"product type-product post-4030 status-publish instock product_cat-featured-books has-post-thumbnail shipping-taxable product-type-simple\">\n\t<\/li>\n\n\t\t\t\n\t\t\t\t<li class=\"product type-product post-3813 status-publish last instock product_cat-featured-books has-post-thumbnail shipping-taxable product-type-simple\">\n\t<\/li>\n\n\t\t\t\n\t\t<\/ul>\n\n\t\t\t\t\n\t\t\n\t\n\t<\/div>\n\n\t[\/vc_column][\/vc_row][vc_row full_width=&#8221;stretch_row&#8221; content_placement=&#8221;middle&#8221; css=&#8221;.vc_custom_1668180627906{padding-bottom: 60px !important;background-color: #cbd6c7 !important;}&#8221;][vc_column]\n\t<style type=\"text\/css\">\n\t\t.divider-69f1fa7c7a2d9.toko-divider.line-yes .divider-inner { background-color:#ffffff; }\n\t\t.divider-69f1fa7c7a2d9.toko-divider.line-yes:before { background-color:#ecad25; }\n\t\t.divider-69f1fa7c7a2d9.toko-divider .divider-inner h3 { color:#222222; }\n\t\t.divider-69f1fa7c7a2d9.toko-divider .divider-inner p.paragraf { color:#969595; }\n\t\t.divider-69f1fa7c7a2d9.toko-divider .divider-inner span { color:#5f5f5f; }\n\t<\/style>\n\n\n\t<div class=\"toko-divider divider-69f1fa7c7a2d9 text-center line-no icon-hide\">\n\n\t\t\t\t\t<div class=\"divider-inner\">\n\t\t\n\t\t<h3 class=\"toko-section-title\">Coming Soon in Turkish<\/h3>\n\t\t\n\t\t\t\t\t<\/div>\n\t\t\t<\/div>\n\n\t\n\t<div class=\"toko-woocommerce woocommerce columns-4 toko-no-carousel clearfix\">\n\n\t\n\t\t<ul class=\"products \" id=\"toko-carousel-579\">\n\n\t\t\t\n\t\t\t\t<li class=\"product type-product post-4026 status-publish first instock product_cat-coming-soon-in-turkish product_cat-kategorisiz has-post-thumbnail shipping-taxable product-type-simple\">\n\t<\/li>\n\n\t\t\t\n\t\t<\/ul>\n\n\t\t\t\t\n\t\t\n\t\n\t<\/div>\n\n\t[\/vc_column][\/vc_row][vc_row full_width=&#8221;stretch_row&#8221; css=&#8221;.vc_custom_1540290133310{background-color: #575756 !important;}&#8221;][vc_column css=&#8221;.vc_custom_1540290192109{padding-top: 0px !important;}&#8221;]<div class=\"home-subscribe-form clearfix\"><div class=\"row\"><div class=\"col-md-6\"><div class=\"subscribe-icon\"><i class=\"fa fa-envelope\"><\/i><\/div><div class=\"subscribe-heading\"><h2>Subscribe to our newsletter<\/h2><p>never miss our latest news and events updates<\/p><\/div><\/div><div class=\"col-md-6\"><script>(function() {\n\twindow.mc4wp = window.mc4wp || {\n\t\tlisteners: [],\n\t\tforms: {\n\t\t\ton: function(evt, cb) {\n\t\t\t\twindow.mc4wp.listeners.push(\n\t\t\t\t\t{\n\t\t\t\t\t\tevent   : evt,\n\t\t\t\t\t\tcallback: cb\n\t\t\t\t\t}\n\t\t\t\t);\n\t\t\t}\n\t\t}\n\t}\n})();\n<\/script><!-- Mailchimp for WordPress v4.8.7 - https:\/\/wordpress.org\/plugins\/mailchimp-for-wp\/ --><form id=\"mc4wp-form-1\" class=\"mc4wp-form mc4wp-form-2793\" method=\"post\" data-id=\"2793\" data-name=\"B\u00fclten Aboneli\u011fi\" ><div class=\"mc4wp-form-fields\"><p>\r\n\t<input type=\"email\" name=\"EMAIL\" placeholder=\"E-posta adresiniz\" required>\r\n<\/p>\r\n\r\n<p>\r\n\t<input type=\"submit\" value=\"Abone Ol\" class=\"button alt\">\r\n<\/p><\/div><label style=\"display: none !important;\">Leave this field empty if you're human: <input type=\"text\" name=\"_mc4wp_honeypot\" value=\"\" tabindex=\"-1\" autocomplete=\"off\" \/><\/label><input type=\"hidden\" name=\"_mc4wp_timestamp\" value=\"1777465980\" \/><input type=\"hidden\" name=\"_mc4wp_form_id\" value=\"2793\" \/><input type=\"hidden\" name=\"_mc4wp_form_element_id\" value=\"mc4wp-form-1\" \/><div class=\"mc4wp-response\"><\/div><\/form><!-- \/ Mailchimp for WordPress Plugin --><\/div><\/div><\/div>[\/vc_column][\/vc_row]<\/p>\n","protected":false},"excerpt":{"rendered":"<p>[vc_row full_width=&#8221;stretch_row_content_no_spaces&#8221;][vc_column][\/vc_column][\/vc_row][vc_row full_width=&#8221;stretch_row_content_no_spaces&#8221;][vc_column][\/vc_column][\/vc_row][vc_row full_width=&#8221;stretch_row&#8221; css=&#8221;.vc_custom_1668180616442{margin-bottom: 0px !important;padding-bottom: 60px !important;background-color: #cbd6c7 !important;}&#8221;][vc_column][\/vc_column][\/vc_row][vc_row full_width=&#8221;stretch_row&#8221; css=&#8221;.vc_custom_1668180566342{margin-bottom: 0px !important;padding-bottom: 60px !important;background-color: #ea8c64 !important;}&#8221;][vc_column][\/vc_column][\/vc_row][vc_row full_width=&#8221;stretch_row&#8221; content_placement=&#8221;middle&#8221; css=&#8221;.vc_custom_1668180627906{padding-bottom: 60px !important;background-color: #cbd6c7 !important;}&#8221;][vc_column][\/vc_column][\/vc_row][vc_row full_width=&#8221;stretch_row&#8221; css=&#8221;.vc_custom_1540290133310{background-color: #575756 !important;}&#8221;][vc_column css=&#8221;.vc_custom_1540290192109{padding-top: 0px !important;}&#8221;][\/vc_column][\/vc_row]<\/p>\n","protected":false},"author":1,"featured_media":0,"parent":0,"menu_order":0,"comment_status":"open","ping_status":"closed","template":"page_visual_composer.php","meta":[],"_links":{"self":[{"href":"https:\/\/ginkobilim.com\/en\/wp-json\/wp\/v2\/pages\/701"}],"collection":[{"href":"https:\/\/ginkobilim.com\/en\/wp-json\/wp\/v2\/pages"}],"about":[{"href":"https:\/\/ginkobilim.com\/en\/wp-json\/wp\/v2\/types\/page"}],"author":[{"embeddable":true,"href":"https:\/\/ginkobilim.com\/en\/wp-json\/wp\/v2\/users\/1"}],"replies":[{"embeddable":true,"href":"https:\/\/ginkobilim.com\/en\/wp-json\/wp\/v2\/comments?post=701"}],"version-history":[{"count":166,"href":"https:\/\/ginkobilim.com\/en\/wp-json\/wp\/v2\/pages\/701\/revisions"}],"predecessor-version":[{"id":4290,"href":"https:\/\/ginkobilim.com\/en\/wp-json\/wp\/v2\/pages\/701\/revisions\/4290"}],"wp:attachment":[{"href":"https:\/\/ginkobilim.com\/en\/wp-json\/wp\/v2\/media?parent=701"}],"curies":[{"name":"wp","href":"https:\/\/api.w.org\/{rel}","templated":true}]}}